
{"id":407,"date":"2019-11-11T08:33:51","date_gmt":"2019-11-11T08:33:51","guid":{"rendered":"https:\/\/demo.casethemes.net\/consultio-corporate3\/?page_id=407"},"modified":"2025-08-21T17:09:56","modified_gmt":"2025-08-21T15:09:56","slug":"leistungen","status":"publish","type":"page","link":"https:\/\/olex-schluesseldienst.de\/ru\/leistungen\/","title":{"rendered":"Leistungen"},"content":{"rendered":"<div data-elementor-type=\"wp-page\" data-elementor-id=\"407\" class=\"elementor elementor-407\" data-elementor-post-type=\"page\">\n\t\t\t\t        <section class=\"elementor-section elementor-top-section elementor-element elementor-element-f019bad elementor-section-content-middle elementor-section-boxed elementor-section-height-default elementor-section-height-default ct-header-fixed-none ct-row-max-none\" data-id=\"f019bad\" data-element_type=\"section\">\n            \n                        <div class=\"elementor-container elementor-column-gap-extended\">\n                    <div class=\"elementor-column elementor-col-50 elementor-top-column elementor-element elementor-element-5ce29c2\" data-id=\"5ce29c2\" data-element_type=\"column\">\n        <div class=\"elementor-widget-wrap elementor-element-populated\">\n                    \n        \t\t<div class=\"elementor-element elementor-element-d3b6aca elementor-widget elementor-widget-ct_heading\" data-id=\"d3b6aca\" data-element_type=\"widget\" data-widget_type=\"ct_heading.default\">\n\t\t\t\t<div class=\"elementor-widget-container\">\n\t\t\t\t\t<div id=\"ct_heading-d3b6aca\" class=\"ct-heading h-align- sub-style1 ct-heading-left item-st-default\">\r\n    <div class=\"ct-item--inner\">\r\n        <div class=\"ct-inline-css\" data-css=\"            \">\r\n        <\/div>\r\n                    <div class=\"item--sub-title style1 show-line\">\r\n                                                                Leistungen                                                                            <\/div>\r\n                <h3 class=\"item--title st-default case-animate-time\" data-wow-delay=\"ms\">\r\n                        <span class=\"sp-main\">\r\n                \r\n                OLEX Schl\u00fcsseldienst Berlin bietet 24\/7 schnelle, transparente und kundenfreundliche L\u00f6sungen f\u00fcr Schl\u00fcsselprobleme.\r\n                \r\n                            <\/span>\r\n                    <\/h3>\r\n    <\/div>\r\n<\/div>\t\t\t\t<\/div>\n\t\t\t\t<\/div>\n\t\t            <\/div>\n        <\/div>\n                <div class=\"elementor-column elementor-col-50 elementor-top-column elementor-element elementor-element-877c444\" data-id=\"877c444\" data-element_type=\"column\">\n        <div class=\"elementor-widget-wrap elementor-element-populated\">\n                    \n        \t\t<div class=\"elementor-element elementor-element-8a619a7 elementor-widget elementor-widget-text-editor\" data-id=\"8a619a7\" data-element_type=\"widget\" data-widget_type=\"text-editor.default\">\n\t\t\t\t\t\t\t\t\t<p><span style=\"color: #0062d1;\"><em>OLEX Schl\u00fcsseldienst Berlin bietet individuellen Einbruchschutz, professionellen Einbau von Panzerriegeln und Stangenschl\u00f6ssern, 24\/7 Schl\u00fcsselnotdienst, moderne Alarmanlagen, umfassende T\u00fcrsicherungen, ma\u00dfgeschneiderte Schlie\u00dfanlagen, mobile Schwei\u00dfarbeiten und zus\u00e4tzlich Montage\/Austausch von Einsteckschl\u00f6ssern, T\u00fcrschlie\u00dfern, Briefk\u00e4sten, Beschl\u00e4gen, Tortriebriegeln, Alu-Schutzblechen und Tresoren.<\/em><\/span><\/p>\t\t\t\t\t\t\t\t<\/div>\n\t\t            <\/div>\n        <\/div>\n                    <\/div>\n        <\/section>\n                <section class=\"elementor-section elementor-top-section elementor-element elementor-element-7d640f1 elementor-section-boxed elementor-section-height-default elementor-section-height-default ct-header-fixed-none ct-row-max-none\" data-id=\"7d640f1\" data-element_type=\"section\">\n            \n                        <div class=\"elementor-container elementor-column-gap-extended\">\n                    <div class=\"elementor-column elementor-col-100 elementor-top-column elementor-element elementor-element-1e2ce89\" data-id=\"1e2ce89\" data-element_type=\"column\">\n        <div class=\"elementor-widget-wrap elementor-element-populated\">\n                    \n        \t\t<div class=\"elementor-element elementor-element-16d5b63 elementor-widget elementor-widget-ct_service_grid\" data-id=\"16d5b63\" data-element_type=\"widget\" data-widget_type=\"ct_service_grid.default\">\n\t\t\t\t<div class=\"elementor-widget-container\">\n\t\t\t\t\t\r\n<div id=\"ct_service_grid-16d5b63\" class=\"ct-grid ct-service-grid2\" data-layout=\"masonry\" data-start-page=\"1\" data-max-pages=\"0\" data-total=\"0\" data-perpage=\"12\" data-next-link=\"https:\/\/olex-schluesseldienst.de\/ru\/wp-json\/wp\/v2\/pages\/407\/page\/2\/\">\r\n    <div class=\"ct-grid-overlay\"><\/div>\r\n    \r\n    <div class=\"ct-grid-inner ct-grid-masonry row animate-time\" data-gutter=\"15\">\r\n                            <div class=\"grid-sizer col-xl-4 col-lg-4 col-md-6 col-sm-6 col-12\"><\/div>\r\n            <\/div>\r\n        <\/div>\t\t\t\t<\/div>\n\t\t\t\t<\/div>\n\t\t            <\/div>\n        <\/div>\n                    <\/div>\n        <\/section>\n                <section class=\"elementor-section elementor-top-section elementor-element elementor-element-2b5b5683 elementor-section-boxed elementor-section-height-default elementor-section-height-default ct-header-fixed-none ct-row-max-none\" data-id=\"2b5b5683\" data-element_type=\"section\">\n            \n                        <div class=\"elementor-container elementor-column-gap-extended\">\n                    <div class=\"elementor-column elementor-col-100 elementor-top-column elementor-element elementor-element-4106b489\" data-id=\"4106b489\" data-element_type=\"column\">\n        <div class=\"elementor-widget-wrap\">\n                    \n                    <\/div>\n        <\/div>\n                    <\/div>\n        <\/section>\n        \t\t<\/div>","protected":false},"excerpt":{"rendered":"<p>Leistungen OLEX Schl\u00fcsseldienst Berlin bietet 24\/7 schnelle, transparente und kundenfreundliche L\u00f6sungen f\u00fcr Schl\u00fcsselprobleme. OLEX Schl\u00fcsseldienst Berlin bietet individuellen Einbruchschutz, professionellen Einbau von Panzerriegeln und Stangenschl\u00f6ssern, 24\/7 Schl\u00fcsselnotdienst, moderne Alarmanlagen, umfassende T\u00fcrsicherungen, ma\u00dfgeschneiderte Schlie\u00dfanlagen, mobile Schwei\u00dfarbeiten und zus\u00e4tzlich Montage\/Austausch von Einsteckschl\u00f6ssern, T\u00fcrschlie\u00dfern, Briefk\u00e4sten, Beschl\u00e4gen, Tortriebriegeln, Alu-Schutzblechen und Tresoren. Einbruchschutz Einbruchschutz Der richtige Einbruchschutz ist entscheidend. Unser [&hellip;]<\/p>\n","protected":false},"author":1,"featured_media":5052,"parent":0,"menu_order":0,"comment_status":"closed","ping_status":"closed","template":"","meta":{"footnotes":""},"class_list":["post-407","page","type-page","status-publish","has-post-thumbnail","hentry"],"yoast_head":"<!-- This site is optimized with the Yoast SEO Premium plugin v25.4 (Yoast SEO v27.3) - https:\/\/yoast.com\/product\/yoast-seo-premium-wordpress\/ -->\n<title>Schl\u00fcsseldienst Berlin: Leistungen f\u00fcr T\u00fcr\u00f6ffnung &amp; Einbruchschutz<\/title>\n<meta name=\"description\" content=\"OLEX Schl\u00fcsseldienst Berlin: 24\/7 T\u00fcr\u00f6ffnung, Einbruchschutz, Panzerriegel, Stangenschl\u00f6sser, Alarmanlagen, Schlie\u00dfanlagen &amp; Schwei\u00dfarbeiten. Zuverl\u00e4ssiger Service zu fairen Preisen!\" \/>\n<meta name=\"robots\" content=\"index, follow, max-snippet:-1, max-image-preview:large, max-video-preview:-1\" \/>\n<link rel=\"canonical\" href=\"https:\/\/olex-schluesseldienst.de\/ru\/leistungen\/\" \/>\n<meta property=\"og:locale\" content=\"ru_RU\" \/>\n<meta property=\"og:type\" content=\"article\" \/>\n<meta property=\"og:title\" content=\"Leistungen\" \/>\n<meta property=\"og:description\" content=\"OLEX Schl\u00fcsseldienst Berlin: 24\/7 T\u00fcr\u00f6ffnung, Einbruchschutz, Panzerriegel, Stangenschl\u00f6sser, Alarmanlagen, Schlie\u00dfanlagen &amp; Schwei\u00dfarbeiten. Zuverl\u00e4ssiger Service zu fairen Preisen!\" \/>\n<meta property=\"og:url\" content=\"https:\/\/olex-schluesseldienst.de\/ru\/leistungen\/\" \/>\n<meta property=\"og:site_name\" content=\"\ud83d\udd11 Schl\u00fcsseldienst Berlin | T\u00fcr\u00f6ffnung - Olex Schluesseldienst\" \/>\n<meta property=\"article:publisher\" content=\"https:\/\/www.facebook.com\/profile.php?id=61556735970331\" \/>\n<meta property=\"article:modified_time\" content=\"2025-08-21T15:09:56+00:00\" \/>\n<meta property=\"og:image\" content=\"https:\/\/olex-schluesseldienst.de\/wp-content\/uploads\/2025\/07\/schluesseldienst-800x533-1.jpg\" \/>\n\t<meta property=\"og:image:width\" content=\"800\" \/>\n\t<meta property=\"og:image:height\" content=\"533\" \/>\n\t<meta property=\"og:image:type\" content=\"image\/jpeg\" \/>\n<meta name=\"twitter:card\" content=\"summary_large_image\" \/>\n<meta name=\"twitter:site\" content=\"@OLEX_Schluessel\" \/>\n<meta name=\"twitter:label1\" content=\"\u041f\u0440\u0438\u043c\u0435\u0440\u043d\u043e\u0435 \u0432\u0440\u0435\u043c\u044f \u0434\u043b\u044f \u0447\u0442\u0435\u043d\u0438\u044f\" \/>\n\t<meta name=\"twitter:data1\" content=\"3 \u043c\u0438\u043d\u0443\u0442\u044b\" \/>\n<script type=\"application\/ld+json\" class=\"yoast-schema-graph\">{\"@context\":\"https:\\\/\\\/schema.org\",\"@graph\":[{\"@type\":\"WebPage\",\"@id\":\"https:\\\/\\\/olex-schluesseldienst.de\\\/leistungen\\\/\",\"url\":\"https:\\\/\\\/olex-schluesseldienst.de\\\/leistungen\\\/\",\"name\":\"Schl\u00fcsseldienst Berlin: Leistungen f\u00fcr T\u00fcr\u00f6ffnung & Einbruchschutz\",\"isPartOf\":{\"@id\":\"https:\\\/\\\/olex-schluesseldienst.de\\\/#website\"},\"primaryImageOfPage\":{\"@id\":\"https:\\\/\\\/olex-schluesseldienst.de\\\/leistungen\\\/#primaryimage\"},\"image\":{\"@id\":\"https:\\\/\\\/olex-schluesseldienst.de\\\/leistungen\\\/#primaryimage\"},\"thumbnailUrl\":\"https:\\\/\\\/olex-schluesseldienst.de\\\/wp-content\\\/uploads\\\/2025\\\/07\\\/schluesseldienst-800x533-1.jpg\",\"datePublished\":\"2019-11-11T08:33:51+00:00\",\"dateModified\":\"2025-08-21T15:09:56+00:00\",\"description\":\"OLEX Schl\u00fcsseldienst Berlin: 24\\\/7 T\u00fcr\u00f6ffnung, Einbruchschutz, Panzerriegel, Stangenschl\u00f6sser, Alarmanlagen, Schlie\u00dfanlagen & Schwei\u00dfarbeiten. Zuverl\u00e4ssiger Service zu fairen Preisen!\",\"breadcrumb\":{\"@id\":\"https:\\\/\\\/olex-schluesseldienst.de\\\/leistungen\\\/#breadcrumb\"},\"inLanguage\":\"ru-RU\",\"potentialAction\":[{\"@type\":\"ReadAction\",\"target\":[\"https:\\\/\\\/olex-schluesseldienst.de\\\/leistungen\\\/\"]}]},{\"@type\":\"ImageObject\",\"inLanguage\":\"ru-RU\",\"@id\":\"https:\\\/\\\/olex-schluesseldienst.de\\\/leistungen\\\/#primaryimage\",\"url\":\"https:\\\/\\\/olex-schluesseldienst.de\\\/wp-content\\\/uploads\\\/2025\\\/07\\\/schluesseldienst-800x533-1.jpg\",\"contentUrl\":\"https:\\\/\\\/olex-schluesseldienst.de\\\/wp-content\\\/uploads\\\/2025\\\/07\\\/schluesseldienst-800x533-1.jpg\",\"width\":800,\"height\":533},{\"@type\":\"BreadcrumbList\",\"@id\":\"https:\\\/\\\/olex-schluesseldienst.de\\\/leistungen\\\/#breadcrumb\",\"itemListElement\":[{\"@type\":\"ListItem\",\"position\":1,\"name\":\"Home\",\"item\":\"https:\\\/\\\/olex-schluesseldienst.de\\\/\"},{\"@type\":\"ListItem\",\"position\":2,\"name\":\"Leistungen\"}]},{\"@type\":\"WebSite\",\"@id\":\"https:\\\/\\\/olex-schluesseldienst.de\\\/#website\",\"url\":\"https:\\\/\\\/olex-schluesseldienst.de\\\/\",\"name\":\"\ud83d\udd11 Schl\u00fcsseldienst Berlin | T\u00fcr\u00f6ffnung - Olex Schluesseldienst\",\"description\":\"\",\"publisher\":{\"@id\":\"https:\\\/\\\/olex-schluesseldienst.de\\\/#organization\"},\"potentialAction\":[{\"@type\":\"SearchAction\",\"target\":{\"@type\":\"EntryPoint\",\"urlTemplate\":\"https:\\\/\\\/olex-schluesseldienst.de\\\/?s={search_term_string}\"},\"query-input\":{\"@type\":\"PropertyValueSpecification\",\"valueRequired\":true,\"valueName\":\"search_term_string\"}}],\"inLanguage\":\"ru-RU\"},{\"@type\":\"Organization\",\"@id\":\"https:\\\/\\\/olex-schluesseldienst.de\\\/#organization\",\"name\":\"\ud83d\udd11 Schl\u00fcsseldienst Berlin | T\u00fcr\u00f6ffnung - Olex Schluesseldienst\",\"url\":\"https:\\\/\\\/olex-schluesseldienst.de\\\/\",\"logo\":{\"@type\":\"ImageObject\",\"inLanguage\":\"ru-RU\",\"@id\":\"https:\\\/\\\/olex-schluesseldienst.de\\\/#\\\/schema\\\/logo\\\/image\\\/\",\"url\":\"https:\\\/\\\/olex-schluesseldienst.de\\\/wp-content\\\/uploads\\\/2025\\\/08\\\/logo_klein-1.png\",\"contentUrl\":\"https:\\\/\\\/olex-schluesseldienst.de\\\/wp-content\\\/uploads\\\/2025\\\/08\\\/logo_klein-1.png\",\"width\":300,\"height\":78,\"caption\":\"\ud83d\udd11 Schl\u00fcsseldienst Berlin | T\u00fcr\u00f6ffnung - Olex Schluesseldienst\"},\"image\":{\"@id\":\"https:\\\/\\\/olex-schluesseldienst.de\\\/#\\\/schema\\\/logo\\\/image\\\/\"},\"sameAs\":[\"https:\\\/\\\/www.facebook.com\\\/profile.php?id=61556735970331\",\"https:\\\/\\\/x.com\\\/OLEX_Schluessel\",\"https:\\\/\\\/www.instagram.com\\\/olex_schluesseldienst\\\/\"]}]}<\/script>\n<!-- \/ Yoast SEO Premium plugin. -->","yoast_head_json":{"title":"Schl\u00fcsseldienst Berlin: Leistungen f\u00fcr T\u00fcr\u00f6ffnung & Einbruchschutz","description":"OLEX Schl\u00fcsseldienst Berlin: 24\/7 T\u00fcr\u00f6ffnung, Einbruchschutz, Panzerriegel, Stangenschl\u00f6sser, Alarmanlagen, Schlie\u00dfanlagen & Schwei\u00dfarbeiten. Zuverl\u00e4ssiger Service zu fairen Preisen!","robots":{"index":"index","follow":"follow","max-snippet":"max-snippet:-1","max-image-preview":"max-image-preview:large","max-video-preview":"max-video-preview:-1"},"canonical":"https:\/\/olex-schluesseldienst.de\/ru\/leistungen\/","og_locale":"ru_RU","og_type":"article","og_title":"Leistungen","og_description":"OLEX Schl\u00fcsseldienst Berlin: 24\/7 T\u00fcr\u00f6ffnung, Einbruchschutz, Panzerriegel, Stangenschl\u00f6sser, Alarmanlagen, Schlie\u00dfanlagen & Schwei\u00dfarbeiten. Zuverl\u00e4ssiger Service zu fairen Preisen!","og_url":"https:\/\/olex-schluesseldienst.de\/ru\/leistungen\/","og_site_name":"\ud83d\udd11 Schl\u00fcsseldienst Berlin | T\u00fcr\u00f6ffnung - Olex Schluesseldienst","article_publisher":"https:\/\/www.facebook.com\/profile.php?id=61556735970331","article_modified_time":"2025-08-21T15:09:56+00:00","og_image":[{"width":800,"height":533,"url":"https:\/\/olex-schluesseldienst.de\/wp-content\/uploads\/2025\/07\/schluesseldienst-800x533-1.jpg","type":"image\/jpeg"}],"twitter_card":"summary_large_image","twitter_site":"@OLEX_Schluessel","twitter_misc":{"\u041f\u0440\u0438\u043c\u0435\u0440\u043d\u043e\u0435 \u0432\u0440\u0435\u043c\u044f \u0434\u043b\u044f \u0447\u0442\u0435\u043d\u0438\u044f":"3 \u043c\u0438\u043d\u0443\u0442\u044b"},"schema":{"@context":"https:\/\/schema.org","@graph":[{"@type":"WebPage","@id":"https:\/\/olex-schluesseldienst.de\/leistungen\/","url":"https:\/\/olex-schluesseldienst.de\/leistungen\/","name":"Schl\u00fcsseldienst Berlin: Leistungen f\u00fcr T\u00fcr\u00f6ffnung & Einbruchschutz","isPartOf":{"@id":"https:\/\/olex-schluesseldienst.de\/#website"},"primaryImageOfPage":{"@id":"https:\/\/olex-schluesseldienst.de\/leistungen\/#primaryimage"},"image":{"@id":"https:\/\/olex-schluesseldienst.de\/leistungen\/#primaryimage"},"thumbnailUrl":"https:\/\/olex-schluesseldienst.de\/wp-content\/uploads\/2025\/07\/schluesseldienst-800x533-1.jpg","datePublished":"2019-11-11T08:33:51+00:00","dateModified":"2025-08-21T15:09:56+00:00","description":"OLEX Schl\u00fcsseldienst Berlin: 24\/7 T\u00fcr\u00f6ffnung, Einbruchschutz, Panzerriegel, Stangenschl\u00f6sser, Alarmanlagen, Schlie\u00dfanlagen & Schwei\u00dfarbeiten. Zuverl\u00e4ssiger Service zu fairen Preisen!","breadcrumb":{"@id":"https:\/\/olex-schluesseldienst.de\/leistungen\/#breadcrumb"},"inLanguage":"ru-RU","potentialAction":[{"@type":"ReadAction","target":["https:\/\/olex-schluesseldienst.de\/leistungen\/"]}]},{"@type":"ImageObject","inLanguage":"ru-RU","@id":"https:\/\/olex-schluesseldienst.de\/leistungen\/#primaryimage","url":"https:\/\/olex-schluesseldienst.de\/wp-content\/uploads\/2025\/07\/schluesseldienst-800x533-1.jpg","contentUrl":"https:\/\/olex-schluesseldienst.de\/wp-content\/uploads\/2025\/07\/schluesseldienst-800x533-1.jpg","width":800,"height":533},{"@type":"BreadcrumbList","@id":"https:\/\/olex-schluesseldienst.de\/leistungen\/#breadcrumb","itemListElement":[{"@type":"ListItem","position":1,"name":"Home","item":"https:\/\/olex-schluesseldienst.de\/"},{"@type":"ListItem","position":2,"name":"Leistungen"}]},{"@type":"WebSite","@id":"https:\/\/olex-schluesseldienst.de\/#website","url":"https:\/\/olex-schluesseldienst.de\/","name":"\ud83d\udd11 \u0421\u043b\u0443\u0436\u0431\u0430 \u0432\u0441\u043a\u0440\u044b\u0442\u0438\u044f \u0437\u0430\u043c\u043a\u043e\u0432 \u0432 \u0411\u0435\u0440\u043b\u0438\u043d\u0435 | \u041e\u0442\u043a\u0440\u044b\u0442\u0438\u0435 \u0434\u0432\u0435\u0440\u0435\u0439 \u2014 Olex Schluesseldienst","description":"","publisher":{"@id":"https:\/\/olex-schluesseldienst.de\/#organization"},"potentialAction":[{"@type":"SearchAction","target":{"@type":"EntryPoint","urlTemplate":"https:\/\/olex-schluesseldienst.de\/?s={search_term_string}"},"query-input":{"@type":"PropertyValueSpecification","valueRequired":true,"valueName":"search_term_string"}}],"inLanguage":"ru-RU"},{"@type":"Organization","@id":"https:\/\/olex-schluesseldienst.de\/#organization","name":"\ud83d\udd11 \u0421\u043b\u0443\u0436\u0431\u0430 \u0432\u0441\u043a\u0440\u044b\u0442\u0438\u044f \u0437\u0430\u043c\u043a\u043e\u0432 \u0432 \u0411\u0435\u0440\u043b\u0438\u043d\u0435 | \u041e\u0442\u043a\u0440\u044b\u0442\u0438\u0435 \u0434\u0432\u0435\u0440\u0435\u0439 \u2014 Olex Schluesseldienst","url":"https:\/\/olex-schluesseldienst.de\/","logo":{"@type":"ImageObject","inLanguage":"ru-RU","@id":"https:\/\/olex-schluesseldienst.de\/#\/schema\/logo\/image\/","url":"https:\/\/olex-schluesseldienst.de\/wp-content\/uploads\/2025\/08\/logo_klein-1.png","contentUrl":"https:\/\/olex-schluesseldienst.de\/wp-content\/uploads\/2025\/08\/logo_klein-1.png","width":300,"height":78,"caption":"\ud83d\udd11 Schl\u00fcsseldienst Berlin | T\u00fcr\u00f6ffnung - Olex Schluesseldienst"},"image":{"@id":"https:\/\/olex-schluesseldienst.de\/#\/schema\/logo\/image\/"},"sameAs":["https:\/\/www.facebook.com\/profile.php?id=61556735970331","https:\/\/x.com\/OLEX_Schluessel","https:\/\/www.instagram.com\/olex_schluesseldienst\/"]}]}},"_links":{"self":[{"href":"https:\/\/olex-schluesseldienst.de\/ru\/wp-json\/wp\/v2\/pages\/407","targetHints":{"allow":["GET"]}}],"collection":[{"href":"https:\/\/olex-schluesseldienst.de\/ru\/wp-json\/wp\/v2\/pages"}],"about":[{"href":"https:\/\/olex-schluesseldienst.de\/ru\/wp-json\/wp\/v2\/types\/page"}],"author":[{"embeddable":true,"href":"https:\/\/olex-schluesseldienst.de\/ru\/wp-json\/wp\/v2\/users\/1"}],"replies":[{"embeddable":true,"href":"https:\/\/olex-schluesseldienst.de\/ru\/wp-json\/wp\/v2\/comments?post=407"}],"version-history":[{"count":43,"href":"https:\/\/olex-schluesseldienst.de\/ru\/wp-json\/wp\/v2\/pages\/407\/revisions"}],"predecessor-version":[{"id":6527,"href":"https:\/\/olex-schluesseldienst.de\/ru\/wp-json\/wp\/v2\/pages\/407\/revisions\/6527"}],"wp:featuredmedia":[{"embeddable":true,"href":"https:\/\/olex-schluesseldienst.de\/ru\/wp-json\/wp\/v2\/media\/5052"}],"wp:attachment":[{"href":"https:\/\/olex-schluesseldienst.de\/ru\/wp-json\/wp\/v2\/media?parent=407"}],"curies":[{"name":"wp","href":"https:\/\/api.w.org\/{rel}","templated":true}]}}